{"id":1436,"date":"2023-12-20T23:53:17","date_gmt":"2023-12-20T22:53:17","guid":{"rendered":"https:\/\/fabricantderemorques.com\/options\/fenders\/"},"modified":"2024-01-17T10:29:12","modified_gmt":"2024-01-17T15:29:12","slug":"fenders","status":"publish","type":"page","link":"https:\/\/www.fabricantderemorques.com\/en\/options\/fenders\/","title":{"rendered":"Fenders"},"content":{"rendered":"\n<style type=\"text\/css\" data-created_by=\"avia_inline_auto\" id=\"style-css-av-lph8skgv-6074fb62c92323c0a9cdbe10d05f63e5\">\n.avia-section.av-lph8skgv-6074fb62c92323c0a9cdbe10d05f63e5{\nbackground-repeat:no-repeat;\nbackground-image:url(https:\/\/www.fabricantderemorques.com\/wp-content\/uploads\/2023\/12\/hero-options2.jpg);\nbackground-position:50% 50%;\nbackground-attachment:scroll;\n}\n.avia-section.av-lph8skgv-6074fb62c92323c0a9cdbe10d05f63e5 .av-section-color-overlay{\nopacity:0.6;\nbackground-color:#000000;\n}\n<\/style>\n<div id='av_section_1'  class='avia-section av-lph8skgv-6074fb62c92323c0a9cdbe10d05f63e5 main_color avia-section-default avia-no-border-styling  avia-builder-el-0  el_before_av_one_full  avia-builder-el-first  avia-full-stretch avia-bg-style-scroll av-section-color-overlay-active av-minimum-height av-minimum-height-custom av-height-custom  container_wrap sidebar_left'  data-section-bg-repeat='stretch' data-av_minimum_height_px='100'><div class=\"av-section-color-overlay-wrap\"><div class=\"av-section-color-overlay\"><\/div><div class='container av-section-cont-open' style='height:100px'><main  role=\"main\" itemprop=\"mainContentOfPage\"  class='template-page content  av-content-small units'><div class='post-entry post-entry-type-page post-entry-1436'><div class='entry-content-wrapper clearfix'>\n<div  class='flex_column av-rob2-e4dc46c16d868cb648637811b704e34b av_one_full  avia-builder-el-1  avia-builder-el-no-sibling  first flex_column_div  '     ><style type=\"text\/css\" data-created_by=\"avia_inline_auto\" id=\"style-css-av-lnrxcns8-e829a8ba3bd37e60c3e0916c7f982c4f\">\n#top .av-special-heading.av-lnrxcns8-e829a8ba3bd37e60c3e0916c7f982c4f{\nmargin:3% 3% 3% 3%;\npadding-bottom:10px;\ncolor:#ffffff;\nfont-size:3vw;\n}\nbody .av-special-heading.av-lnrxcns8-e829a8ba3bd37e60c3e0916c7f982c4f .av-special-heading-tag .heading-char{\nfont-size:25px;\n}\n#top #wrap_all .av-special-heading.av-lnrxcns8-e829a8ba3bd37e60c3e0916c7f982c4f .av-special-heading-tag{\nfont-size:3vw;\n}\n.av-special-heading.av-lnrxcns8-e829a8ba3bd37e60c3e0916c7f982c4f .special-heading-inner-border{\nborder-color:#ffffff;\n}\n.av-special-heading.av-lnrxcns8-e829a8ba3bd37e60c3e0916c7f982c4f .av-subheading{\nfont-size:15px;\n}\n\n@media only screen and (min-width: 480px) and (max-width: 767px){ \n#top #wrap_all .av-special-heading.av-lnrxcns8-e829a8ba3bd37e60c3e0916c7f982c4f .av-special-heading-tag{\nfont-size:0.8em;\n}\n}\n\n@media only screen and (max-width: 479px){ \n#top #wrap_all .av-special-heading.av-lnrxcns8-e829a8ba3bd37e60c3e0916c7f982c4f .av-special-heading-tag{\nfont-size:0.8em;\n}\n}\n<\/style>\n<div  class='av-special-heading av-lnrxcns8-e829a8ba3bd37e60c3e0916c7f982c4f av-special-heading-h1 custom-color-heading blockquote modern-quote modern-centered  avia-builder-el-2  avia-builder-el-no-sibling  av-thin-font av-inherit-size'><div class='av_custom_color av-subheading av-subheading_above'><p>Option<\/p>\n<\/div><h1 class='av-special-heading-tag '  itemprop=\"headline\"  ><strong>Fenders<\/strong><\/h1><div class=\"special-heading-border\"><div class=\"special-heading-inner-border\"><\/div><\/div><\/div><\/div>\n<\/div><\/div><\/main><!-- close content main element --><\/div><\/div><\/div><div id='after_section_1'  class='main_color av_default_container_wrap container_wrap sidebar_left'  ><div class='container av-section-cont-open' ><div class='template-page content  av-content-small units'><div class='post-entry post-entry-type-page post-entry-1436'><div class='entry-content-wrapper clearfix'>\n<div  class='flex_column av-26lsm-12b3f1f6da9bcae07d0162c6e54da9c2 av_one_full  avia-builder-el-3  el_after_av_section  avia-builder-el-no-sibling  first flex_column_div  '     ><section  class='av_textblock_section av-lnrwc0t2-e5b98d4c9448bf6958ded66ed9c7b27b '   itemscope=\"itemscope\" itemtype=\"https:\/\/schema.org\/CreativeWork\" ><div class='avia_textblock'  itemprop=\"text\" ><h2>Fenders<\/h2>\n<\/div><\/section><br \/>\n\n<style type=\"text\/css\" data-created_by=\"avia_inline_auto\" id=\"style-css-av-lph8n54p-7299a9ec5a3401e63363672da6115410\">\n#top .hr.av-lph8n54p-7299a9ec5a3401e63363672da6115410{\nmargin-top:30px;\nmargin-bottom:30px;\n}\n.hr.av-lph8n54p-7299a9ec5a3401e63363672da6115410 .hr-inner{\nwidth:50px;\nborder-color:#ed1c23;\n}\n<\/style>\n<div  class='hr av-lph8n54p-7299a9ec5a3401e63363672da6115410 hr-custom  avia-builder-el-5  el_after_av_textblock  el_before_av_masonry_gallery  avia-builder-el-last  hr-left hr-icon-no'><span class='hr-inner inner-border-av-border-fat'><span class=\"hr-inner-style\"><\/span><\/span><\/div><br \/>\n<div id='av-masonry-1' class='av-masonry av-lpip657f-8afcd05504ed6825d7cf68b9796af1f3 noHover av-fixed-size av-large-gap av-hover-overlay-active av-masonry-animation- av-masonry-col-3 av-caption-on-hover av-caption-style-overlay av-masonry-gallery ' data-post_id=\"1436\"><div class=\"av-masonry-container isotope av-js-disabled\"><div class='av-masonry-entry isotope-item av-masonry-item-no-image '><\/div><a href=\"https:\/\/www.fabricantderemorques.com\/wp-content\/uploads\/2023\/12\/AILE-2_1_2-1577-1030x687.jpg\" data-srcset=\"https:\/\/www.fabricantderemorques.com\/wp-content\/uploads\/2023\/12\/AILE-2_1_2-1577-1030x687.jpg 1030w, https:\/\/www.fabricantderemorques.com\/wp-content\/uploads\/2023\/12\/AILE-2_1_2-1577-300x200.jpg 300w, https:\/\/www.fabricantderemorques.com\/wp-content\/uploads\/2023\/12\/AILE-2_1_2-1577-768x512.jpg 768w, https:\/\/www.fabricantderemorques.com\/wp-content\/uploads\/2023\/12\/AILE-2_1_2-1577-1536x1024.jpg 1536w, https:\/\/www.fabricantderemorques.com\/wp-content\/uploads\/2023\/12\/AILE-2_1_2-1577-1500x1000.jpg 1500w, https:\/\/www.fabricantderemorques.com\/wp-content\/uploads\/2023\/12\/AILE-2_1_2-1577-705x470.jpg 705w, https:\/\/www.fabricantderemorques.com\/wp-content\/uploads\/2023\/12\/AILE-2_1_2-1577.jpg 1872w\" data-sizes=\"(max-width: 1030px) 100vw, 1030px\"  aria-label=\"image AILE #1577\"  id='av-masonry-1-item-1329' data-av-masonry-item='1329' class='av-masonry-entry isotope-item post-1329 attachment type-attachment status-inherit hentry  av-masonry-item-with-image' title=\"AILE #1577\" alt=\"aile de remorque\"    itemprop=\"thumbnailUrl\" ><div class='av-inner-masonry-sizer'><\/div><figure class='av-inner-masonry main_color'><div class=\"av-masonry-outerimage-container\"><div class='av-masonry-image-container' style=\"background-image: url(https:\/\/www.fabricantderemorques.com\/wp-content\/uploads\/2023\/12\/AILE-2_1_2-1577.jpg);\"  title=\"AILE #1577\" ><\/div><\/div><figcaption class='av-inner-masonry-content site-background'><div class='av-inner-masonry-content-pos'><div class='av-inner-masonry-content-pos-content'><div class='avia-arrow'><\/div><h3 class='av-masonry-entry-title entry-title '  itemprop=\"headline\" >AILE #1577<\/h3><div class='av-masonry-entry-content entry-content'  itemprop=\"text\" >2 1\/2\"<\/div><\/div><\/div><\/figcaption><\/figure><\/a><!--end av-masonry entry--><a href=\"https:\/\/www.fabricantderemorques.com\/wp-content\/uploads\/2023\/12\/AILE-COMPL.-EXT-1237.jpg\" data-srcset=\"https:\/\/www.fabricantderemorques.com\/wp-content\/uploads\/2023\/12\/AILE-COMPL.-EXT-1237.jpg 495w, https:\/\/www.fabricantderemorques.com\/wp-content\/uploads\/2023\/12\/AILE-COMPL.-EXT-1237-300x199.jpg 300w\" data-sizes=\"(max-width: 495px) 100vw, 495px\"  aria-label=\"image AILE COMPL. EXT #1237\"  id='av-masonry-1-item-1330' data-av-masonry-item='1330' class='av-masonry-entry isotope-item post-1330 attachment type-attachment status-inherit hentry  av-masonry-item-with-image' title=\"AILE COMPL. EXT #1237\" alt=\"aile de remorque\"    itemprop=\"thumbnailUrl\" ><div class='av-inner-masonry-sizer'><\/div><figure class='av-inner-masonry main_color'><div class=\"av-masonry-outerimage-container\"><div class='av-masonry-image-container' style=\"background-image: url(https:\/\/www.fabricantderemorques.com\/wp-content\/uploads\/2023\/12\/AILE-COMPL.-EXT-1237.jpg);\"  title=\"AILE COMPL. EXT #1237\" ><\/div><\/div><figcaption class='av-inner-masonry-content site-background'><div class='av-inner-masonry-content-pos'><div class='av-inner-masonry-content-pos-content'><div class='avia-arrow'><\/div><h3 class='av-masonry-entry-title entry-title '  itemprop=\"headline\" >AILE COMPL. EXT #1237<\/h3><div class='av-masonry-entry-content entry-content'  itemprop=\"text\" >Compl\u00e8tement ext\u00e9rieur<\/div><\/div><\/div><\/figcaption><\/figure><\/a><!--end av-masonry entry--><a href=\"https:\/\/www.fabricantderemorques.com\/wp-content\/uploads\/2023\/12\/AILE-1_8_-1537-1030x687.jpg\" data-srcset=\"https:\/\/www.fabricantderemorques.com\/wp-content\/uploads\/2023\/12\/AILE-1_8_-1537-1030x687.jpg 1030w, https:\/\/www.fabricantderemorques.com\/wp-content\/uploads\/2023\/12\/AILE-1_8_-1537-300x200.jpg 300w, https:\/\/www.fabricantderemorques.com\/wp-content\/uploads\/2023\/12\/AILE-1_8_-1537-768x512.jpg 768w, https:\/\/www.fabricantderemorques.com\/wp-content\/uploads\/2023\/12\/AILE-1_8_-1537-1536x1024.jpg 1536w, https:\/\/www.fabricantderemorques.com\/wp-content\/uploads\/2023\/12\/AILE-1_8_-1537-1500x1000.jpg 1500w, https:\/\/www.fabricantderemorques.com\/wp-content\/uploads\/2023\/12\/AILE-1_8_-1537-705x470.jpg 705w, https:\/\/www.fabricantderemorques.com\/wp-content\/uploads\/2023\/12\/AILE-1_8_-1537.jpg 2029w\" data-sizes=\"(max-width: 1030px) 100vw, 1030px\"  aria-label=\"image AILE #1537\"  id='av-masonry-1-item-1331' data-av-masonry-item='1331' class='av-masonry-entry isotope-item post-1331 attachment type-attachment status-inherit hentry  av-masonry-item-with-image' title=\"AILE #1537\" alt=\"aile de remorque\"    itemprop=\"thumbnailUrl\" ><div class='av-inner-masonry-sizer'><\/div><figure class='av-inner-masonry main_color'><div class=\"av-masonry-outerimage-container\"><div class='av-masonry-image-container' style=\"background-image: url(https:\/\/www.fabricantderemorques.com\/wp-content\/uploads\/2023\/12\/AILE-1_8_-1537.jpg);\"  title=\"AILE #1537\" ><\/div><\/div><figcaption class='av-inner-masonry-content site-background'><div class='av-inner-masonry-content-pos'><div class='av-inner-masonry-content-pos-content'><div class='avia-arrow'><\/div><h3 class='av-masonry-entry-title entry-title '  itemprop=\"headline\" >AILE #1537<\/h3><div class='av-masonry-entry-content entry-content'  itemprop=\"text\" >1\/8\"<\/div><\/div><\/div><\/figcaption><\/figure><\/a><!--end av-masonry entry--><a href=\"https:\/\/www.fabricantderemorques.com\/wp-content\/uploads\/2023\/12\/AILE-4_1_2-1553-1030x687.jpg\" data-srcset=\"https:\/\/www.fabricantderemorques.com\/wp-content\/uploads\/2023\/12\/AILE-4_1_2-1553-1030x687.jpg 1030w, https:\/\/www.fabricantderemorques.com\/wp-content\/uploads\/2023\/12\/AILE-4_1_2-1553-300x200.jpg 300w, https:\/\/www.fabricantderemorques.com\/wp-content\/uploads\/2023\/12\/AILE-4_1_2-1553-768x512.jpg 768w, https:\/\/www.fabricantderemorques.com\/wp-content\/uploads\/2023\/12\/AILE-4_1_2-1553-1536x1024.jpg 1536w, https:\/\/www.fabricantderemorques.com\/wp-content\/uploads\/2023\/12\/AILE-4_1_2-1553-2048x1365.jpg 2048w, https:\/\/www.fabricantderemorques.com\/wp-content\/uploads\/2023\/12\/AILE-4_1_2-1553-1500x1000.jpg 1500w, https:\/\/www.fabricantderemorques.com\/wp-content\/uploads\/2023\/12\/AILE-4_1_2-1553-705x470.jpg 705w\" data-sizes=\"(max-width: 1030px) 100vw, 1030px\"  aria-label=\"image AILE #1553\"  id='av-masonry-1-item-1332' data-av-masonry-item='1332' class='av-masonry-entry isotope-item post-1332 attachment type-attachment status-inherit hentry  av-masonry-item-with-image' title=\"AILE #1553\" alt=\"aile de remorque\"    itemprop=\"thumbnailUrl\" ><div class='av-inner-masonry-sizer'><\/div><figure class='av-inner-masonry main_color'><div class=\"av-masonry-outerimage-container\"><div class='av-masonry-image-container' style=\"background-image: url(https:\/\/www.fabricantderemorques.com\/wp-content\/uploads\/2023\/12\/AILE-4_1_2-1553.jpg);\"  title=\"AILE #1553\" ><\/div><\/div><figcaption class='av-inner-masonry-content site-background'><div class='av-inner-masonry-content-pos'><div class='av-inner-masonry-content-pos-content'><div class='avia-arrow'><\/div><h3 class='av-masonry-entry-title entry-title '  itemprop=\"headline\" >AILE #1553<\/h3><div class='av-masonry-entry-content entry-content'  itemprop=\"text\" >4 1\/2\"<\/div><\/div><\/div><\/figcaption><\/figure><\/a><!--end av-masonry entry--><a href=\"https:\/\/www.fabricantderemorques.com\/wp-content\/uploads\/2023\/12\/SOUS-LA-REMORQUE-JUPE-1569-1030x687.jpg\" data-srcset=\"https:\/\/www.fabricantderemorques.com\/wp-content\/uploads\/2023\/12\/SOUS-LA-REMORQUE-JUPE-1569-1030x687.jpg 1030w, https:\/\/www.fabricantderemorques.com\/wp-content\/uploads\/2023\/12\/SOUS-LA-REMORQUE-JUPE-1569-300x200.jpg 300w, https:\/\/www.fabricantderemorques.com\/wp-content\/uploads\/2023\/12\/SOUS-LA-REMORQUE-JUPE-1569-768x512.jpg 768w, https:\/\/www.fabricantderemorques.com\/wp-content\/uploads\/2023\/12\/SOUS-LA-REMORQUE-JUPE-1569-1536x1024.jpg 1536w, https:\/\/www.fabricantderemorques.com\/wp-content\/uploads\/2023\/12\/SOUS-LA-REMORQUE-JUPE-1569-1500x1000.jpg 1500w, https:\/\/www.fabricantderemorques.com\/wp-content\/uploads\/2023\/12\/SOUS-LA-REMORQUE-JUPE-1569-705x470.jpg 705w, https:\/\/www.fabricantderemorques.com\/wp-content\/uploads\/2023\/12\/SOUS-LA-REMORQUE-JUPE-1569.jpg 1873w\" data-sizes=\"(max-width: 1030px) 100vw, 1030px\"  aria-label=\"image SOUS LA REMORQUE JUPE #1569\"  id='av-masonry-1-item-1333' data-av-masonry-item='1333' class='av-masonry-entry isotope-item post-1333 attachment type-attachment status-inherit hentry  av-masonry-item-with-image' title=\"SOUS LA REMORQUE JUPE #1569\" alt=\"SOUS LA REMORQUE JUPE\"    itemprop=\"thumbnailUrl\" ><div class='av-inner-masonry-sizer'><\/div><figure class='av-inner-masonry main_color'><div class=\"av-masonry-outerimage-container\"><div class='av-masonry-image-container' style=\"background-image: url(https:\/\/www.fabricantderemorques.com\/wp-content\/uploads\/2023\/12\/SOUS-LA-REMORQUE-JUPE-1569.jpg);\"  title=\"SOUS LA REMORQUE JUPE #1569\" ><\/div><\/div><figcaption class='av-inner-masonry-content site-background'><div class='av-inner-masonry-content-pos'><div class='av-inner-masonry-content-pos-content'><div class='avia-arrow'><\/div><h3 class='av-masonry-entry-title entry-title '  itemprop=\"headline\" >SOUS LA REMORQUE JUPE #1569<\/h3><\/div><\/div><\/figcaption><\/figure><\/a><!--end av-masonry entry--><a href=\"https:\/\/www.fabricantderemorques.com\/wp-content\/uploads\/2023\/12\/SOUS-LA-REMORQUE-1030x687.jpg\" data-srcset=\"https:\/\/www.fabricantderemorques.com\/wp-content\/uploads\/2023\/12\/SOUS-LA-REMORQUE-1030x687.jpg 1030w, https:\/\/www.fabricantderemorques.com\/wp-content\/uploads\/2023\/12\/SOUS-LA-REMORQUE-300x200.jpg 300w, https:\/\/www.fabricantderemorques.com\/wp-content\/uploads\/2023\/12\/SOUS-LA-REMORQUE-768x512.jpg 768w, https:\/\/www.fabricantderemorques.com\/wp-content\/uploads\/2023\/12\/SOUS-LA-REMORQUE-1536x1024.jpg 1536w, https:\/\/www.fabricantderemorques.com\/wp-content\/uploads\/2023\/12\/SOUS-LA-REMORQUE-2048x1365.jpg 2048w, https:\/\/www.fabricantderemorques.com\/wp-content\/uploads\/2023\/12\/SOUS-LA-REMORQUE-1500x1000.jpg 1500w, https:\/\/www.fabricantderemorques.com\/wp-content\/uploads\/2023\/12\/SOUS-LA-REMORQUE-705x470.jpg 705w\" data-sizes=\"(max-width: 1030px) 100vw, 1030px\"  aria-label=\"image SOUS LA REMORQUE\"  id='av-masonry-1-item-1334' data-av-masonry-item='1334' class='av-masonry-entry isotope-item post-1334 attachment type-attachment status-inherit hentry  av-masonry-item-with-image' title=\"SOUS LA REMORQUE\" alt=\"remorque\"    itemprop=\"thumbnailUrl\" ><div class='av-inner-masonry-sizer'><\/div><figure class='av-inner-masonry main_color'><div class=\"av-masonry-outerimage-container\"><div class='av-masonry-image-container' style=\"background-image: url(https:\/\/www.fabricantderemorques.com\/wp-content\/uploads\/2023\/12\/SOUS-LA-REMORQUE.jpg);\"  title=\"SOUS LA REMORQUE\" ><\/div><\/div><figcaption class='av-inner-masonry-content site-background'><div class='av-inner-masonry-content-pos'><div class='av-inner-masonry-content-pos-content'><div class='avia-arrow'><\/div><h3 class='av-masonry-entry-title entry-title '  itemprop=\"headline\" >SOUS LA REMORQUE<\/h3><\/div><\/div><\/figcaption><\/figure><\/a><!--end av-masonry entry--><\/div><\/div><\/p><\/div>\n","protected":false},"excerpt":{"rendered":"","protected":false},"author":1,"featured_media":0,"parent":1430,"menu_order":1,"comment_status":"closed","ping_status":"closed","template":"","meta":{"footnotes":""},"class_list":["post-1436","page","type-page","status-publish","hentry"],"yoast_head":"<!-- This site is optimized with the Yoast SEO plugin v27.3 - https:\/\/yoast.com\/product\/yoast-seo-wordpress\/ -->\n<title>Fenders - Pr\u00e9cisions Proven\u00e7al<\/title>\n<meta name=\"description\" content=\"Personalize your trailer with Pr\u00e9cisions Proven\u00e7al. Tailor-made options for a unique transport solution, combining style and functionality.\" \/>\n<meta name=\"robots\" content=\"index, follow, max-snippet:-1, max-image-preview:large, max-video-preview:-1\" \/>\n<link rel=\"canonical\" href=\"https:\/\/www.fabricantderemorques.com\/en\/options\/fenders\/\" \/>\n<meta property=\"og:locale\" content=\"en_US\" \/>\n<meta property=\"og:type\" content=\"article\" \/>\n<meta property=\"og:title\" content=\"Fenders - Pr\u00e9cisions Proven\u00e7al\" \/>\n<meta property=\"og:description\" content=\"Personalize your trailer with Pr\u00e9cisions Proven\u00e7al. Tailor-made options for a unique transport solution, combining style and functionality.\" \/>\n<meta property=\"og:url\" content=\"https:\/\/www.fabricantderemorques.com\/en\/options\/fenders\/\" \/>\n<meta property=\"og:site_name\" content=\"Pr\u00e9cisions Proven\u00e7al\" \/>\n<meta property=\"article:publisher\" content=\"https:\/\/www.facebook.com\/PrecisionsProvencalInc\/\" \/>\n<meta property=\"article:modified_time\" content=\"2024-01-17T15:29:12+00:00\" \/>\n<meta name=\"twitter:card\" content=\"summary_large_image\" \/>\n<meta name=\"twitter:label1\" content=\"Est. reading time\" \/>\n\t<meta name=\"twitter:data1\" content=\"1 minute\" \/>\n<script type=\"application\/ld+json\" class=\"yoast-schema-graph\">{\"@context\":\"https:\\\/\\\/schema.org\",\"@graph\":[{\"@type\":\"WebPage\",\"@id\":\"https:\\\/\\\/www.fabricantderemorques.com\\\/en\\\/options\\\/fenders\\\/\",\"url\":\"https:\\\/\\\/www.fabricantderemorques.com\\\/en\\\/options\\\/fenders\\\/\",\"name\":\"Fenders - Pr\u00e9cisions Proven\u00e7al\",\"isPartOf\":{\"@id\":\"https:\\\/\\\/www.fabricantderemorques.com\\\/en\\\/#website\"},\"datePublished\":\"2023-12-20T22:53:17+00:00\",\"dateModified\":\"2024-01-17T15:29:12+00:00\",\"description\":\"Personalize your trailer with Pr\u00e9cisions Proven\u00e7al. Tailor-made options for a unique transport solution, combining style and functionality.\",\"breadcrumb\":{\"@id\":\"https:\\\/\\\/www.fabricantderemorques.com\\\/en\\\/options\\\/fenders\\\/#breadcrumb\"},\"inLanguage\":\"en-US\",\"potentialAction\":[{\"@type\":\"ReadAction\",\"target\":[\"https:\\\/\\\/www.fabricantderemorques.com\\\/en\\\/options\\\/fenders\\\/\"]}]},{\"@type\":\"BreadcrumbList\",\"@id\":\"https:\\\/\\\/www.fabricantderemorques.com\\\/en\\\/options\\\/fenders\\\/#breadcrumb\",\"itemListElement\":[{\"@type\":\"ListItem\",\"position\":1,\"name\":\"Home\",\"item\":\"https:\\\/\\\/www.fabricantderemorques.com\\\/en\\\/precision-provencal-trailer-manufacturer\\\/\"},{\"@type\":\"ListItem\",\"position\":2,\"name\":\"OPTIONS\",\"item\":\"https:\\\/\\\/www.fabricantderemorques.com\\\/en\\\/options\\\/\"},{\"@type\":\"ListItem\",\"position\":3,\"name\":\"Fenders\"}]},{\"@type\":\"WebSite\",\"@id\":\"https:\\\/\\\/www.fabricantderemorques.com\\\/en\\\/#website\",\"url\":\"https:\\\/\\\/www.fabricantderemorques.com\\\/en\\\/\",\"name\":\"Pr\u00e9cisions Proven\u00e7al\",\"description\":\"\",\"publisher\":{\"@id\":\"https:\\\/\\\/www.fabricantderemorques.com\\\/en\\\/#organization\"},\"potentialAction\":[{\"@type\":\"SearchAction\",\"target\":{\"@type\":\"EntryPoint\",\"urlTemplate\":\"https:\\\/\\\/www.fabricantderemorques.com\\\/en\\\/?s={search_term_string}\"},\"query-input\":{\"@type\":\"PropertyValueSpecification\",\"valueRequired\":true,\"valueName\":\"search_term_string\"}}],\"inLanguage\":\"en-US\"},{\"@type\":\"Organization\",\"@id\":\"https:\\\/\\\/www.fabricantderemorques.com\\\/en\\\/#organization\",\"name\":\"Pr\u00e9cisions Proven\u00e7al\",\"url\":\"https:\\\/\\\/www.fabricantderemorques.com\\\/en\\\/\",\"logo\":{\"@type\":\"ImageObject\",\"inLanguage\":\"en-US\",\"@id\":\"https:\\\/\\\/www.fabricantderemorques.com\\\/en\\\/#\\\/schema\\\/logo\\\/image\\\/\",\"url\":\"https:\\\/\\\/www.fabricantderemorques.com\\\/wp-content\\\/uploads\\\/2023\\\/10\\\/logo-precision-provencal.png\",\"contentUrl\":\"https:\\\/\\\/www.fabricantderemorques.com\\\/wp-content\\\/uploads\\\/2023\\\/10\\\/logo-precision-provencal.png\",\"width\":320,\"height\":198,\"caption\":\"Pr\u00e9cisions Proven\u00e7al\"},\"image\":{\"@id\":\"https:\\\/\\\/www.fabricantderemorques.com\\\/en\\\/#\\\/schema\\\/logo\\\/image\\\/\"},\"sameAs\":[\"https:\\\/\\\/www.facebook.com\\\/PrecisionsProvencalInc\\\/\"]}]}<\/script>\n<!-- \/ Yoast SEO plugin. -->","yoast_head_json":{"title":"Fenders - Pr\u00e9cisions Proven\u00e7al","description":"Personalize your trailer with Pr\u00e9cisions Proven\u00e7al. Tailor-made options for a unique transport solution, combining style and functionality.","robots":{"index":"index","follow":"follow","max-snippet":"max-snippet:-1","max-image-preview":"max-image-preview:large","max-video-preview":"max-video-preview:-1"},"canonical":"https:\/\/www.fabricantderemorques.com\/en\/options\/fenders\/","og_locale":"en_US","og_type":"article","og_title":"Fenders - Pr\u00e9cisions Proven\u00e7al","og_description":"Personalize your trailer with Pr\u00e9cisions Proven\u00e7al. Tailor-made options for a unique transport solution, combining style and functionality.","og_url":"https:\/\/www.fabricantderemorques.com\/en\/options\/fenders\/","og_site_name":"Pr\u00e9cisions Proven\u00e7al","article_publisher":"https:\/\/www.facebook.com\/PrecisionsProvencalInc\/","article_modified_time":"2024-01-17T15:29:12+00:00","twitter_card":"summary_large_image","twitter_misc":{"Est. reading time":"1 minute"},"schema":{"@context":"https:\/\/schema.org","@graph":[{"@type":"WebPage","@id":"https:\/\/www.fabricantderemorques.com\/en\/options\/fenders\/","url":"https:\/\/www.fabricantderemorques.com\/en\/options\/fenders\/","name":"Fenders - Pr\u00e9cisions Proven\u00e7al","isPartOf":{"@id":"https:\/\/www.fabricantderemorques.com\/en\/#website"},"datePublished":"2023-12-20T22:53:17+00:00","dateModified":"2024-01-17T15:29:12+00:00","description":"Personalize your trailer with Pr\u00e9cisions Proven\u00e7al. Tailor-made options for a unique transport solution, combining style and functionality.","breadcrumb":{"@id":"https:\/\/www.fabricantderemorques.com\/en\/options\/fenders\/#breadcrumb"},"inLanguage":"en-US","potentialAction":[{"@type":"ReadAction","target":["https:\/\/www.fabricantderemorques.com\/en\/options\/fenders\/"]}]},{"@type":"BreadcrumbList","@id":"https:\/\/www.fabricantderemorques.com\/en\/options\/fenders\/#breadcrumb","itemListElement":[{"@type":"ListItem","position":1,"name":"Home","item":"https:\/\/www.fabricantderemorques.com\/en\/precision-provencal-trailer-manufacturer\/"},{"@type":"ListItem","position":2,"name":"OPTIONS","item":"https:\/\/www.fabricantderemorques.com\/en\/options\/"},{"@type":"ListItem","position":3,"name":"Fenders"}]},{"@type":"WebSite","@id":"https:\/\/www.fabricantderemorques.com\/en\/#website","url":"https:\/\/www.fabricantderemorques.com\/en\/","name":"Pr\u00e9cisions Proven\u00e7al","description":"","publisher":{"@id":"https:\/\/www.fabricantderemorques.com\/en\/#organization"},"potentialAction":[{"@type":"SearchAction","target":{"@type":"EntryPoint","urlTemplate":"https:\/\/www.fabricantderemorques.com\/en\/?s={search_term_string}"},"query-input":{"@type":"PropertyValueSpecification","valueRequired":true,"valueName":"search_term_string"}}],"inLanguage":"en-US"},{"@type":"Organization","@id":"https:\/\/www.fabricantderemorques.com\/en\/#organization","name":"Pr\u00e9cisions Proven\u00e7al","url":"https:\/\/www.fabricantderemorques.com\/en\/","logo":{"@type":"ImageObject","inLanguage":"en-US","@id":"https:\/\/www.fabricantderemorques.com\/en\/#\/schema\/logo\/image\/","url":"https:\/\/www.fabricantderemorques.com\/wp-content\/uploads\/2023\/10\/logo-precision-provencal.png","contentUrl":"https:\/\/www.fabricantderemorques.com\/wp-content\/uploads\/2023\/10\/logo-precision-provencal.png","width":320,"height":198,"caption":"Pr\u00e9cisions Proven\u00e7al"},"image":{"@id":"https:\/\/www.fabricantderemorques.com\/en\/#\/schema\/logo\/image\/"},"sameAs":["https:\/\/www.facebook.com\/PrecisionsProvencalInc\/"]}]}},"_links":{"self":[{"href":"https:\/\/www.fabricantderemorques.com\/en\/wp-json\/wp\/v2\/pages\/1436","targetHints":{"allow":["GET"]}}],"collection":[{"href":"https:\/\/www.fabricantderemorques.com\/en\/wp-json\/wp\/v2\/pages"}],"about":[{"href":"https:\/\/www.fabricantderemorques.com\/en\/wp-json\/wp\/v2\/types\/page"}],"author":[{"embeddable":true,"href":"https:\/\/www.fabricantderemorques.com\/en\/wp-json\/wp\/v2\/users\/1"}],"replies":[{"embeddable":true,"href":"https:\/\/www.fabricantderemorques.com\/en\/wp-json\/wp\/v2\/comments?post=1436"}],"version-history":[{"count":6,"href":"https:\/\/www.fabricantderemorques.com\/en\/wp-json\/wp\/v2\/pages\/1436\/revisions"}],"predecessor-version":[{"id":1719,"href":"https:\/\/www.fabricantderemorques.com\/en\/wp-json\/wp\/v2\/pages\/1436\/revisions\/1719"}],"up":[{"embeddable":true,"href":"https:\/\/www.fabricantderemorques.com\/en\/wp-json\/wp\/v2\/pages\/1430"}],"wp:attachment":[{"href":"https:\/\/www.fabricantderemorques.com\/en\/wp-json\/wp\/v2\/media?parent=1436"}],"curies":[{"name":"wp","href":"https:\/\/api.w.org\/{rel}","templated":true}]}}