{"id":1518,"date":"2023-12-21T13:50:07","date_gmt":"2023-12-21T12:50:07","guid":{"rendered":"https:\/\/fabricantderemorques.com\/precision-provencal-contact-us\/"},"modified":"2025-11-20T07:16:06","modified_gmt":"2025-11-20T12:16:06","slug":"precision-provencal-contact-us","status":"publish","type":"page","link":"https:\/\/www.fabricantderemorques.com\/en\/precision-provencal-contact-us\/","title":{"rendered":"Pr\u00e9cision Provencal : Contact us"},"content":{"rendered":"<div  class='av_gmaps_sc_main_wrap av_gmaps_main_wrap '><div id='av_gmap_0' class='avia-google-map-container avia-google-map-sc av_gmaps_show_unconditionally av-no-fallback-img ' data-mapid='av_gmap_0'  style='height: 400px;'><a class=\"av_gmaps_browser_disabled av_text_confirm_link av_text_confirm_link_visible\" href=\"https:\/\/www.google.com\/maps\/search\/?api=1&#038;query=279%20Route%20204%20G0R%204G0%20Sainte-Rose%20de%20Watford%20Qu\u00e9bec%20Canada\" target=\"_blank\">Maps were disabled by the visitor on this site. Click to open the map in a new window.<\/a><\/div><\/div>\n<div id='av_section_1'  class='avia-section av-lq3z4giw-276bd56680f9f14d5996589032c9235c main_color avia-section-large avia-no-border-styling  avia-builder-el-1  el_after_av_google_map  avia-builder-el-last  avia-bg-style-scroll container_wrap sidebar_left'  ><div class='container av-section-cont-open' ><div class='template-page content  av-content-small units'><div class='post-entry post-entry-type-page post-entry-1518'><div class='entry-content-wrapper clearfix'>\n<div  class='flex_column av-26lsm-12b3f1f6da9bcae07d0162c6e54da9c2 av_one_half  avia-builder-el-2  el_before_av_one_half  avia-builder-el-first  first flex_column_div  '     ><style type=\"text\/css\" data-created_by=\"avia_inline_auto\" id=\"style-css-av-lnrwc0t2-850377a6ef1cc4eecbd9c1508de46c7c\">\n#top .av_textblock_section.av-lnrwc0t2-850377a6ef1cc4eecbd9c1508de46c7c .avia_textblock{\ncolor:#ed1c23;\n}\n<\/style>\n<section  class='av_textblock_section av-lnrwc0t2-850377a6ef1cc4eecbd9c1508de46c7c '   itemscope=\"itemscope\" itemtype=\"https:\/\/schema.org\/CreativeWork\" ><div class='avia_textblock av_inherit_color'  itemprop=\"text\" ><h2><strong>If you would like to receive information on our products such as our enclosed trailers, do not hesitate to contact us. We are at your service.<\/strong><\/h2>\n<\/div><\/section><br \/>\n<section  class='av_textblock_section av-lnrwcc3a-117bf7ef41627795bf81ec559cc3a4df '   itemscope=\"itemscope\" itemtype=\"https:\/\/schema.org\/CreativeWork\" ><div class='avia_textblock'  itemprop=\"text\" ><p>Take note: To make a route on Google map, enter the name of the company and not the address.<\/p>\n<\/div><\/section><br \/>\n\n<style type=\"text\/css\" data-created_by=\"avia_inline_auto\" id=\"style-css-av-lq3z3lmh-6678a80ff81c298948b31aa4c69ce3fc\">\n#top .hr.av-lq3z3lmh-6678a80ff81c298948b31aa4c69ce3fc{\nmargin-top:30px;\nmargin-bottom:30px;\n}\n.hr.av-lq3z3lmh-6678a80ff81c298948b31aa4c69ce3fc .hr-inner{\nwidth:50px;\nborder-color:#ed1c23;\n}\n<\/style>\n<div  class='hr av-lq3z3lmh-6678a80ff81c298948b31aa4c69ce3fc hr-custom  avia-builder-el-5  el_after_av_textblock  el_before_av_textblock  hr-left hr-icon-no'><span class='hr-inner inner-border-av-border-fat'><span class=\"hr-inner-style\"><\/span><\/span><\/div><br \/>\n<section  class='av_textblock_section av-lnrxqdw4-9a9a4419ed33a8a9407e28289f981f90 '   itemscope=\"itemscope\" itemtype=\"https:\/\/schema.org\/CreativeWork\" ><div class='avia_textblock'  itemprop=\"text\" ><p><strong>Pr\u00e9cisions Proven\u00e7al Inc.<\/strong><br \/>\n279 Route 204, Sainte-Rose de Watford, Qu\u00e9bec, Canada G0R 4G0<\/p>\n<p>Phone : 418 267-5131<br \/>\nFax : 418 267-5132<br \/>\nEmail : <a href=\"mailto:info@provencal.ca\">info@provencal.ca<\/a><\/p>\n<\/div><\/section><\/p><\/div>\n<style type=\"text\/css\" data-created_by=\"avia_inline_auto\" id=\"style-css-av-19us6-d39f7c7cda192fe7307838274061659c\">\n@keyframes av_boxShadowEffect_av-19us6-d39f7c7cda192fe7307838274061659c-column {\n0%   { box-shadow:  0 0 0 0 rgba(0,0,0,0.1); opacity: 1; }\n100% { box-shadow:  0 0 10px 0 rgba(0,0,0,0.1); opacity: 1; }\n}\n.flex_column.av-19us6-d39f7c7cda192fe7307838274061659c{\nbox-shadow: 0 0 10px 0 rgba(0,0,0,0.1);\npadding:2% 2% 2% 2%;\nbackground-color:#ffffff;\n}\n<\/style>\n<div  class='flex_column av-19us6-d39f7c7cda192fe7307838274061659c av_one_half  avia-builder-el-7  el_after_av_one_half  avia-builder-el-last  flex_column_div av-animated-generic bottom-to-top shadow-not-animated  '     ><section  class='av_textblock_section av-lrfeprcj-c3fcfbc31c0136547dc429526b9c24ee '   itemscope=\"itemscope\" itemtype=\"https:\/\/schema.org\/CreativeWork\" ><div class='avia_textblock'  itemprop=\"text\" ><h2><strong>Contact us<br \/>\n<\/strong><\/h2>\n<script type=\"text\/javascript\">\n\/* <![CDATA[ *\/\nvar gform;gform||(document.addEventListener(\"gform_main_scripts_loaded\",function(){gform.scriptsLoaded=!0}),document.addEventListener(\"gform\/theme\/scripts_loaded\",function(){gform.themeScriptsLoaded=!0}),window.addEventListener(\"DOMContentLoaded\",function(){gform.domLoaded=!0}),gform={domLoaded:!1,scriptsLoaded:!1,themeScriptsLoaded:!1,isFormEditor:()=>\"function\"==typeof InitializeEditor,callIfLoaded:function(o){return!(!gform.domLoaded||!gform.scriptsLoaded||!gform.themeScriptsLoaded&&!gform.isFormEditor()||(gform.isFormEditor()&&console.warn(\"The use of gform.initializeOnLoaded() is deprecated in the form editor context and will be removed in Gravity Forms 3.1.\"),o(),0))},initializeOnLoaded:function(o){gform.callIfLoaded(o)||(document.addEventListener(\"gform_main_scripts_loaded\",()=>{gform.scriptsLoaded=!0,gform.callIfLoaded(o)}),document.addEventListener(\"gform\/theme\/scripts_loaded\",()=>{gform.themeScriptsLoaded=!0,gform.callIfLoaded(o)}),window.addEventListener(\"DOMContentLoaded\",()=>{gform.domLoaded=!0,gform.callIfLoaded(o)}))},hooks:{action:{},filter:{}},addAction:function(o,r,e,t){gform.addHook(\"action\",o,r,e,t)},addFilter:function(o,r,e,t){gform.addHook(\"filter\",o,r,e,t)},doAction:function(o){gform.doHook(\"action\",o,arguments)},applyFilters:function(o){return gform.doHook(\"filter\",o,arguments)},removeAction:function(o,r){gform.removeHook(\"action\",o,r)},removeFilter:function(o,r,e){gform.removeHook(\"filter\",o,r,e)},addHook:function(o,r,e,t,n){null==gform.hooks[o][r]&&(gform.hooks[o][r]=[]);var d=gform.hooks[o][r];null==n&&(n=r+\"_\"+d.length),gform.hooks[o][r].push({tag:n,callable:e,priority:t=null==t?10:t})},doHook:function(r,o,e){var t;if(e=Array.prototype.slice.call(e,1),null!=gform.hooks[r][o]&&((o=gform.hooks[r][o]).sort(function(o,r){return o.priority-r.priority}),o.forEach(function(o){\"function\"!=typeof(t=o.callable)&&(t=window[t]),\"action\"==r?t.apply(null,e):e[0]=t.apply(null,e)})),\"filter\"==r)return e[0]},removeHook:function(o,r,t,n){var e;null!=gform.hooks[o][r]&&(e=(e=gform.hooks[o][r]).filter(function(o,r,e){return!!(null!=n&&n!=o.tag||null!=t&&t!=o.priority)}),gform.hooks[o][r]=e)}});\n\/* ]]> *\/\n<\/script>\n\n                <div class='gf_browser_gecko gform_wrapper gravity-theme gform-theme--no-framework' data-form-theme='gravity-theme' data-form-index='0' id='gform_wrapper_2' >\n                        <div class='gform_heading'>\n\t\t\t\t\t\t\t<p class='gform_required_legend'>&quot;<span class=\"gfield_required gfield_required_asterisk\">*<\/span>&quot; indicates required fields<\/p>\n                        <\/div><form method='post' enctype='multipart\/form-data'  id='gform_2'  action='\/en\/wp-json\/wp\/v2\/pages\/1518' data-formid='2' novalidate>\n                        <div class='gform-body gform_body'><div id='gform_fields_2' class='gform_fields top_label form_sublabel_above description_above validation_below'><div id=\"field_2_7\" class=\"gfield gfield--type-honeypot gform_validation_container field_sublabel_above gfield--has-description field_description_above field_validation_below gfield_visibility_visible\"  ><label class='gfield_label gform-field-label' for='input_2_7'>X\/Twitter<\/label><div class='gfield_description' id='gfield_description_2_7'>This field is for validation purposes and should be left unchanged.<\/div><div class='ginput_container'><input name='input_7' id='input_2_7' type='text' value='' autocomplete='new-password'\/><\/div><\/div><div id=\"field_2_4\" class=\"gfield gfield--type-text gfield--input-type-text gfield--width-full gfield_contains_required field_sublabel_above gfield--no-description field_description_above field_validation_below gfield_visibility_visible\"  ><label class='gfield_label gform-field-label' for='input_2_4'>Name<span class=\"gfield_required\"><span class=\"gfield_required gfield_required_asterisk\">*<\/span><\/span><\/label><div class='ginput_container ginput_container_text'><input name='input_4' id='input_2_4' type='text' value='' class='large'     aria-required=\"true\" aria-invalid=\"false\"   \/><\/div><\/div><div id=\"field_2_2\" class=\"gfield gfield--type-email gfield--input-type-email gfield_contains_required field_sublabel_above gfield--no-description field_description_above field_validation_below gfield_visibility_visible\"  ><label class='gfield_label gform-field-label' for='input_2_2'>Email<span class=\"gfield_required\"><span class=\"gfield_required gfield_required_asterisk\">*<\/span><\/span><\/label><div class='ginput_container ginput_container_email'>\n                            <input name='input_2' id='input_2_2' type='email' value='' class='large'    aria-required=\"true\" aria-invalid=\"false\"  \/>\n                        <\/div><\/div><div id=\"field_2_6\" class=\"gfield gfield--type-phone gfield--input-type-phone gfield--width-full gfield_contains_required field_sublabel_above gfield--no-description field_description_above field_validation_below gfield_visibility_visible\"  ><label class='gfield_label gform-field-label' for='input_2_6'>Phone<span class=\"gfield_required\"><span class=\"gfield_required gfield_required_asterisk\">*<\/span><\/span><\/label><div class='ginput_container ginput_container_phone'><input name='input_6' id='input_2_6' type='tel' value='' class='large'   aria-required=\"true\" aria-invalid=\"false\"   \/><\/div><\/div><div id=\"field_2_5\" class=\"gfield gfield--type-text gfield--input-type-text gfield--width-full field_sublabel_above gfield--no-description field_description_above field_validation_below gfield_visibility_visible\"  ><label class='gfield_label gform-field-label' for='input_2_5'>Subjet<\/label><div class='ginput_container ginput_container_text'><input name='input_5' id='input_2_5' type='text' value='' class='large'      aria-invalid=\"false\"   \/><\/div><\/div><div id=\"field_2_3\" class=\"gfield gfield--type-textarea gfield--input-type-textarea field_sublabel_above gfield--no-description field_description_above field_validation_below gfield_visibility_visible\"  ><label class='gfield_label gform-field-label' for='input_2_3'>Message<\/label><div class='ginput_container ginput_container_textarea'><textarea name='input_3' id='input_2_3' class='textarea medium'      aria-invalid=\"false\"   rows='10' cols='50'><\/textarea><\/div><\/div><\/div><\/div>\n        <div class='gform-footer gform_footer top_label'> <input type='submit' id='gform_submit_button_2' class='gform_button button' onclick='gform.submission.handleButtonClick(this);' data-submission-type='submit' value='Send'  \/> \n            <input type='hidden' class='gform_hidden' name='gform_submission_method' data-js='gform_submission_method_2' value='postback' \/>\n            <input type='hidden' class='gform_hidden' name='gform_theme' data-js='gform_theme_2' id='gform_theme_2' value='gravity-theme' \/>\n            <input type='hidden' class='gform_hidden' name='gform_style_settings' data-js='gform_style_settings_2' id='gform_style_settings_2' value='[]' \/>\n            <input type='hidden' class='gform_hidden' name='is_submit_2' value='1' \/>\n            <input type='hidden' class='gform_hidden' name='gform_submit' value='2' \/>\n            \n            <input type='hidden' class='gform_hidden' name='gform_currency' data-currency='CAD' value='SpdXnQ58TWa3ALz5kG7xCQCJJNebmdib4tR++VBY\/uZ4QHen5gHut+2v1wDNYq0yC2uRhc3Yg0TBsxTx4Ab1PqG7QVUy6Yr4TwP0qWzpZoVnjmE=' \/>\n            <input type='hidden' class='gform_hidden' name='gform_unique_id' value='' \/>\n            <input type='hidden' class='gform_hidden' name='state_2' value='WyJbXSIsIjg1Y2ZhMDkxY2M1YTBmODAxNjc1MmVmYWQwMjAzZDE5Il0=' \/>\n            <input type='hidden' autocomplete='off' class='gform_hidden' name='gform_target_page_number_2' id='gform_target_page_number_2' value='0' \/>\n            <input type='hidden' autocomplete='off' class='gform_hidden' name='gform_source_page_number_2' id='gform_source_page_number_2' value='1' \/>\n            <input type='hidden' name='gform_field_values' value='' \/>\n            \n        <\/div>\n                        <\/form>\n                        <\/div><script type=\"text\/javascript\">\n\/* <![CDATA[ *\/\n gform.initializeOnLoaded( function() {gformInitSpinner( 2, 'https:\/\/www.fabricantderemorques.com\/wp-content\/plugins\/gravityforms\/images\/spinner.svg', true );jQuery('#gform_ajax_frame_2').on('load',function(){var contents = jQuery(this).contents().find('*').html();var is_postback = contents.indexOf('GF_AJAX_POSTBACK') >= 0;if(!is_postback){return;}var form_content = jQuery(this).contents().find('#gform_wrapper_2');var is_confirmation = jQuery(this).contents().find('#gform_confirmation_wrapper_2').length > 0;var is_redirect = contents.indexOf('gformRedirect(){') >= 0;var is_form = form_content.length > 0 && ! is_redirect && ! is_confirmation;var mt = parseInt(jQuery('html').css('margin-top'), 10) + parseInt(jQuery('body').css('margin-top'), 10) + 100;if(is_form){jQuery('#gform_wrapper_2').html(form_content.html());if(form_content.hasClass('gform_validation_error')){jQuery('#gform_wrapper_2').addClass('gform_validation_error');} else {jQuery('#gform_wrapper_2').removeClass('gform_validation_error');}setTimeout( function() { \/* delay the scroll by 50 milliseconds to fix a bug in chrome *\/  }, 50 );if(window['gformInitDatepicker']) {gformInitDatepicker();}if(window['gformInitPriceFields']) {gformInitPriceFields();}var current_page = jQuery('#gform_source_page_number_2').val();gformInitSpinner( 2, 'https:\/\/www.fabricantderemorques.com\/wp-content\/plugins\/gravityforms\/images\/spinner.svg', true );jQuery(document).trigger('gform_page_loaded', [2, current_page]);window['gf_submitting_2'] = false;}else if(!is_redirect){var confirmation_content = jQuery(this).contents().find('.GF_AJAX_POSTBACK').html();if(!confirmation_content){confirmation_content = contents;}jQuery('#gform_wrapper_2').replaceWith(confirmation_content);jQuery(document).trigger('gform_confirmation_loaded', [2]);window['gf_submitting_2'] = false;wp.a11y.speak(jQuery('#gform_confirmation_message_2').text());}else{jQuery('#gform_2').append(contents);if(window['gformRedirect']) {gformRedirect();}}jQuery(document).trigger(\"gform_pre_post_render\", [{ formId: \"2\", currentPage: \"current_page\", abort: function() { this.preventDefault(); } }]);        if (event && event.defaultPrevented) {                return;        }        const gformWrapperDiv = document.getElementById( \"gform_wrapper_2\" );        if ( gformWrapperDiv ) {            const visibilitySpan = document.createElement( \"span\" );            visibilitySpan.id = \"gform_visibility_test_2\";            gformWrapperDiv.insertAdjacentElement( \"afterend\", visibilitySpan );        }        const visibilityTestDiv = document.getElementById( \"gform_visibility_test_2\" );        let postRenderFired = false;        function triggerPostRender() {            if ( postRenderFired ) {                return;            }            postRenderFired = true;            gform.core.triggerPostRenderEvents( 2, current_page );            if ( visibilityTestDiv ) {                visibilityTestDiv.parentNode.removeChild( visibilityTestDiv );            }        }        function debounce( func, wait, immediate ) {            var timeout;            return function() {                var context = this, args = arguments;                var later = function() {                    timeout = null;                    if ( !immediate ) func.apply( context, args );                };                var callNow = immediate && !timeout;                clearTimeout( timeout );                timeout = setTimeout( later, wait );                if ( callNow ) func.apply( context, args );            };        }        const debouncedTriggerPostRender = debounce( function() {            triggerPostRender();        }, 200 );        if ( visibilityTestDiv && visibilityTestDiv.offsetParent === null ) {            const observer = new MutationObserver( ( mutations ) => {                mutations.forEach( ( mutation ) => {                    if ( mutation.type === 'attributes' && visibilityTestDiv.offsetParent !== null ) {                        debouncedTriggerPostRender();                        observer.disconnect();                    }                });            });            observer.observe( document.body, {                attributes: true,                childList: false,                subtree: true,                attributeFilter: [ 'style', 'class' ],            });        } else {            triggerPostRender();        }    } );} ); \n\/* ]]> *\/\n<\/script>\n\n<\/div><\/section><\/div><\/div><\/div><\/div><!-- close content main div --><\/div><\/div><div id='after_section_1'  class='main_color av_default_container_wrap container_wrap sidebar_left'  ><div class='container av-section-cont-open' ><div class='template-page content  av-content-small units'><div class='post-entry post-entry-type-page post-entry-1518'><div class='entry-content-wrapper clearfix'>\n","protected":false},"excerpt":{"rendered":"","protected":false},"author":1,"featured_media":0,"parent":0,"menu_order":20,"comment_status":"closed","ping_status":"closed","template":"","meta":{"footnotes":""},"class_list":["post-1518","page","type-page","status-publish","hentry"],"yoast_head":"<!-- This site is optimized with the Yoast SEO plugin v27.3 - https:\/\/yoast.com\/product\/yoast-seo-wordpress\/ -->\n<title>Pr\u00e9cision Provencal : Contact us - Pr\u00e9cisions Proven\u00e7al<\/title>\n<meta name=\"description\" content=\"If you would like to receive information on our products, do not hesitate to contact us. Pr\u00e9cision Provencal is at your service.\" \/>\n<meta name=\"robots\" content=\"index, follow, max-snippet:-1, max-image-preview:large, max-video-preview:-1\" \/>\n<link rel=\"canonical\" href=\"https:\/\/www.fabricantderemorques.com\/en\/precision-provencal-contact-us\/\" \/>\n<meta property=\"og:locale\" content=\"en_US\" \/>\n<meta property=\"og:type\" content=\"article\" \/>\n<meta property=\"og:title\" content=\"Pr\u00e9cision Provencal : Contact us - Pr\u00e9cisions Proven\u00e7al\" \/>\n<meta property=\"og:description\" content=\"If you would like to receive information on our products, do not hesitate to contact us. Pr\u00e9cision Provencal is at your service.\" \/>\n<meta property=\"og:url\" content=\"https:\/\/www.fabricantderemorques.com\/en\/precision-provencal-contact-us\/\" \/>\n<meta property=\"og:site_name\" content=\"Pr\u00e9cisions Proven\u00e7al\" \/>\n<meta property=\"article:publisher\" content=\"https:\/\/www.facebook.com\/PrecisionsProvencalInc\/\" \/>\n<meta property=\"article:modified_time\" content=\"2025-11-20T12:16:06+00:00\" \/>\n<meta name=\"twitter:card\" content=\"summary_large_image\" \/>\n<meta name=\"twitter:label1\" content=\"Est. reading time\" \/>\n\t<meta name=\"twitter:data1\" content=\"1 minute\" \/>\n<script type=\"application\/ld+json\" class=\"yoast-schema-graph\">{\"@context\":\"https:\\\/\\\/schema.org\",\"@graph\":[{\"@type\":\"WebPage\",\"@id\":\"https:\\\/\\\/www.fabricantderemorques.com\\\/en\\\/precision-provencal-contact-us\\\/\",\"url\":\"https:\\\/\\\/www.fabricantderemorques.com\\\/en\\\/precision-provencal-contact-us\\\/\",\"name\":\"Pr\u00e9cision Provencal : Contact us - Pr\u00e9cisions Proven\u00e7al\",\"isPartOf\":{\"@id\":\"https:\\\/\\\/www.fabricantderemorques.com\\\/en\\\/#website\"},\"datePublished\":\"2023-12-21T12:50:07+00:00\",\"dateModified\":\"2025-11-20T12:16:06+00:00\",\"description\":\"If you would like to receive information on our products, do not hesitate to contact us. Pr\u00e9cision Provencal is at your service.\",\"breadcrumb\":{\"@id\":\"https:\\\/\\\/www.fabricantderemorques.com\\\/en\\\/precision-provencal-contact-us\\\/#breadcrumb\"},\"inLanguage\":\"en-US\",\"potentialAction\":[{\"@type\":\"ReadAction\",\"target\":[\"https:\\\/\\\/www.fabricantderemorques.com\\\/en\\\/precision-provencal-contact-us\\\/\"]}]},{\"@type\":\"BreadcrumbList\",\"@id\":\"https:\\\/\\\/www.fabricantderemorques.com\\\/en\\\/precision-provencal-contact-us\\\/#breadcrumb\",\"itemListElement\":[{\"@type\":\"ListItem\",\"position\":1,\"name\":\"Home\",\"item\":\"https:\\\/\\\/www.fabricantderemorques.com\\\/en\\\/precision-provencal-trailer-manufacturer\\\/\"},{\"@type\":\"ListItem\",\"position\":2,\"name\":\"Pr\u00e9cision Provencal : Contact us\"}]},{\"@type\":\"WebSite\",\"@id\":\"https:\\\/\\\/www.fabricantderemorques.com\\\/en\\\/#website\",\"url\":\"https:\\\/\\\/www.fabricantderemorques.com\\\/en\\\/\",\"name\":\"Pr\u00e9cisions Proven\u00e7al\",\"description\":\"\",\"publisher\":{\"@id\":\"https:\\\/\\\/www.fabricantderemorques.com\\\/en\\\/#organization\"},\"potentialAction\":[{\"@type\":\"SearchAction\",\"target\":{\"@type\":\"EntryPoint\",\"urlTemplate\":\"https:\\\/\\\/www.fabricantderemorques.com\\\/en\\\/?s={search_term_string}\"},\"query-input\":{\"@type\":\"PropertyValueSpecification\",\"valueRequired\":true,\"valueName\":\"search_term_string\"}}],\"inLanguage\":\"en-US\"},{\"@type\":\"Organization\",\"@id\":\"https:\\\/\\\/www.fabricantderemorques.com\\\/en\\\/#organization\",\"name\":\"Pr\u00e9cisions Proven\u00e7al\",\"url\":\"https:\\\/\\\/www.fabricantderemorques.com\\\/en\\\/\",\"logo\":{\"@type\":\"ImageObject\",\"inLanguage\":\"en-US\",\"@id\":\"https:\\\/\\\/www.fabricantderemorques.com\\\/en\\\/#\\\/schema\\\/logo\\\/image\\\/\",\"url\":\"https:\\\/\\\/www.fabricantderemorques.com\\\/wp-content\\\/uploads\\\/2023\\\/10\\\/logo-precision-provencal.png\",\"contentUrl\":\"https:\\\/\\\/www.fabricantderemorques.com\\\/wp-content\\\/uploads\\\/2023\\\/10\\\/logo-precision-provencal.png\",\"width\":320,\"height\":198,\"caption\":\"Pr\u00e9cisions Proven\u00e7al\"},\"image\":{\"@id\":\"https:\\\/\\\/www.fabricantderemorques.com\\\/en\\\/#\\\/schema\\\/logo\\\/image\\\/\"},\"sameAs\":[\"https:\\\/\\\/www.facebook.com\\\/PrecisionsProvencalInc\\\/\"]}]}<\/script>\n<!-- \/ Yoast SEO plugin. -->","yoast_head_json":{"title":"Pr\u00e9cision Provencal : Contact us - Pr\u00e9cisions Proven\u00e7al","description":"If you would like to receive information on our products, do not hesitate to contact us. Pr\u00e9cision Provencal is at your service.","robots":{"index":"index","follow":"follow","max-snippet":"max-snippet:-1","max-image-preview":"max-image-preview:large","max-video-preview":"max-video-preview:-1"},"canonical":"https:\/\/www.fabricantderemorques.com\/en\/precision-provencal-contact-us\/","og_locale":"en_US","og_type":"article","og_title":"Pr\u00e9cision Provencal : Contact us - Pr\u00e9cisions Proven\u00e7al","og_description":"If you would like to receive information on our products, do not hesitate to contact us. Pr\u00e9cision Provencal is at your service.","og_url":"https:\/\/www.fabricantderemorques.com\/en\/precision-provencal-contact-us\/","og_site_name":"Pr\u00e9cisions Proven\u00e7al","article_publisher":"https:\/\/www.facebook.com\/PrecisionsProvencalInc\/","article_modified_time":"2025-11-20T12:16:06+00:00","twitter_card":"summary_large_image","twitter_misc":{"Est. reading time":"1 minute"},"schema":{"@context":"https:\/\/schema.org","@graph":[{"@type":"WebPage","@id":"https:\/\/www.fabricantderemorques.com\/en\/precision-provencal-contact-us\/","url":"https:\/\/www.fabricantderemorques.com\/en\/precision-provencal-contact-us\/","name":"Pr\u00e9cision Provencal : Contact us - Pr\u00e9cisions Proven\u00e7al","isPartOf":{"@id":"https:\/\/www.fabricantderemorques.com\/en\/#website"},"datePublished":"2023-12-21T12:50:07+00:00","dateModified":"2025-11-20T12:16:06+00:00","description":"If you would like to receive information on our products, do not hesitate to contact us. Pr\u00e9cision Provencal is at your service.","breadcrumb":{"@id":"https:\/\/www.fabricantderemorques.com\/en\/precision-provencal-contact-us\/#breadcrumb"},"inLanguage":"en-US","potentialAction":[{"@type":"ReadAction","target":["https:\/\/www.fabricantderemorques.com\/en\/precision-provencal-contact-us\/"]}]},{"@type":"BreadcrumbList","@id":"https:\/\/www.fabricantderemorques.com\/en\/precision-provencal-contact-us\/#breadcrumb","itemListElement":[{"@type":"ListItem","position":1,"name":"Home","item":"https:\/\/www.fabricantderemorques.com\/en\/precision-provencal-trailer-manufacturer\/"},{"@type":"ListItem","position":2,"name":"Pr\u00e9cision Provencal : Contact us"}]},{"@type":"WebSite","@id":"https:\/\/www.fabricantderemorques.com\/en\/#website","url":"https:\/\/www.fabricantderemorques.com\/en\/","name":"Pr\u00e9cisions Proven\u00e7al","description":"","publisher":{"@id":"https:\/\/www.fabricantderemorques.com\/en\/#organization"},"potentialAction":[{"@type":"SearchAction","target":{"@type":"EntryPoint","urlTemplate":"https:\/\/www.fabricantderemorques.com\/en\/?s={search_term_string}"},"query-input":{"@type":"PropertyValueSpecification","valueRequired":true,"valueName":"search_term_string"}}],"inLanguage":"en-US"},{"@type":"Organization","@id":"https:\/\/www.fabricantderemorques.com\/en\/#organization","name":"Pr\u00e9cisions Proven\u00e7al","url":"https:\/\/www.fabricantderemorques.com\/en\/","logo":{"@type":"ImageObject","inLanguage":"en-US","@id":"https:\/\/www.fabricantderemorques.com\/en\/#\/schema\/logo\/image\/","url":"https:\/\/www.fabricantderemorques.com\/wp-content\/uploads\/2023\/10\/logo-precision-provencal.png","contentUrl":"https:\/\/www.fabricantderemorques.com\/wp-content\/uploads\/2023\/10\/logo-precision-provencal.png","width":320,"height":198,"caption":"Pr\u00e9cisions Proven\u00e7al"},"image":{"@id":"https:\/\/www.fabricantderemorques.com\/en\/#\/schema\/logo\/image\/"},"sameAs":["https:\/\/www.facebook.com\/PrecisionsProvencalInc\/"]}]}},"_links":{"self":[{"href":"https:\/\/www.fabricantderemorques.com\/en\/wp-json\/wp\/v2\/pages\/1518","targetHints":{"allow":["GET"]}}],"collection":[{"href":"https:\/\/www.fabricantderemorques.com\/en\/wp-json\/wp\/v2\/pages"}],"about":[{"href":"https:\/\/www.fabricantderemorques.com\/en\/wp-json\/wp\/v2\/types\/page"}],"author":[{"embeddable":true,"href":"https:\/\/www.fabricantderemorques.com\/en\/wp-json\/wp\/v2\/users\/1"}],"replies":[{"embeddable":true,"href":"https:\/\/www.fabricantderemorques.com\/en\/wp-json\/wp\/v2\/comments?post=1518"}],"version-history":[{"count":6,"href":"https:\/\/www.fabricantderemorques.com\/en\/wp-json\/wp\/v2\/pages\/1518\/revisions"}],"predecessor-version":[{"id":2014,"href":"https:\/\/www.fabricantderemorques.com\/en\/wp-json\/wp\/v2\/pages\/1518\/revisions\/2014"}],"wp:attachment":[{"href":"https:\/\/www.fabricantderemorques.com\/en\/wp-json\/wp\/v2\/media?parent=1518"}],"curies":[{"name":"wp","href":"https:\/\/api.w.org\/{rel}","templated":true}]}}